{"id":239,"date":"2023-03-16T20:02:04","date_gmt":"2023-03-16T20:02:04","guid":{"rendered":"https:\/\/congreso.unibe.edu.ec\/?page_id=239"},"modified":"2023-06-12T14:10:42","modified_gmt":"2023-06-12T14:10:42","slug":"objetivos","status":"publish","type":"page","link":"https:\/\/www.congreso2023.unibe.edu.ec\/?page_id=239","title":{"rendered":"Objetivos"},"content":{"rendered":"\t\t<div data-elementor-type=\"wp-page\" data-elementor-id=\"239\" class=\"elementor elementor-239\">\n\t\t\t\t\t\t\t\t\t<section class=\"elementor-section elementor-top-section elementor-element elementor-element-3a0788c9 elementor-section-full_width elementor-section-height-default elementor-section-height-default\" data-id=\"3a0788c9\" data-element_type=\"section\" data-settings=\"{&quot;background_background&quot;:&quot;classic&quot;,&quot;background_motion_fx_motion_fx_scrolling&quot;:&quot;yes&quot;,&quot;background_motion_fx_scale_effect&quot;:&quot;yes&quot;,&quot;background_motion_fx_scale_speed&quot;:{&quot;unit&quot;:&quot;px&quot;,&quot;size&quot;:5,&quot;sizes&quot;:[]},&quot;background_motion_fx_scale_range&quot;:{&quot;unit&quot;:&quot;%&quot;,&quot;size&quot;:&quot;&quot;,&quot;sizes&quot;:{&quot;start&quot;:21,&quot;end&quot;:100}},&quot;background_motion_fx_motion_fx_mouse&quot;:&quot;yes&quot;,&quot;background_motion_fx_mouseTrack_effect&quot;:&quot;yes&quot;,&quot;background_motion_fx_mouseTrack_speed&quot;:{&quot;unit&quot;:&quot;px&quot;,&quot;size&quot;:0.4,&quot;sizes&quot;:[]},&quot;background_motion_fx_scale_direction&quot;:&quot;out-in&quot;,&quot;background_motion_fx_devices&quot;:[&quot;desktop&quot;,&quot;tablet&quot;,&quot;mobile&quot;]}\">\n\t\t\t\t\t\t<div class=\"elementor-container elementor-column-gap-default\">\n\t\t\t\t\t<div class=\"elementor-column elementor-col-100 elementor-top-column elementor-element elementor-element-8a2ae1f\" data-id=\"8a2ae1f\" data-element_type=\"column\">\n\t\t\t<div class=\"elementor-widget-wrap elementor-element-populated\">\n\t\t\t\t\t\t\t\t<div class=\"elementor-element elementor-element-6492feaa elementor-widget elementor-widget-spacer\" data-id=\"6492feaa\" data-element_type=\"widget\" data-widget_type=\"spacer.default\">\n\t\t\t\t<div class=\"elementor-widget-container\">\n\t\t\t<style>\/*! elementor - v3.13.3 - 28-05-2023 *\/\n.elementor-column .elementor-spacer-inner{height:var(--spacer-size)}.e-con{--container-widget-width:100%}.e-con-inner>.elementor-widget-spacer,.e-con>.elementor-widget-spacer{width:var(--container-widget-width,var(--spacer-size));--align-self:var(--container-widget-align-self,initial);--flex-shrink:0}.e-con-inner>.elementor-widget-spacer>.elementor-widget-container,.e-con-inner>.elementor-widget-spacer>.elementor-widget-container>.elementor-spacer,.e-con>.elementor-widget-spacer>.elementor-widget-container,.e-con>.elementor-widget-spacer>.elementor-widget-container>.elementor-spacer{height:100%}.e-con-inner>.elementor-widget-spacer>.elementor-widget-container>.elementor-spacer>.elementor-spacer-inner,.e-con>.elementor-widget-spacer>.elementor-widget-container>.elementor-spacer>.elementor-spacer-inner{height:var(--container-widget-height,var(--spacer-size))}<\/style>\t\t<div class=\"elementor-spacer\">\n\t\t\t<div class=\"elementor-spacer-inner\"><\/div>\n\t\t<\/div>\n\t\t\t\t<\/div>\n\t\t\t\t<\/div>\n\t\t\t\t<div class=\"elementor-element elementor-element-31657241 elementor-widget elementor-widget-heading\" data-id=\"31657241\" data-element_type=\"widget\" data-widget_type=\"heading.default\">\n\t\t\t\t<div class=\"elementor-widget-container\">\n\t\t\t<style>\/*! elementor - v3.13.3 - 28-05-2023 *\/\n.elementor-heading-title{padding:0;margin:0;line-height:1}.elementor-widget-heading .elementor-heading-title[class*=elementor-size-]>a{color:inherit;font-size:inherit;line-height:inherit}.elementor-widget-heading .elementor-heading-title.elementor-size-small{font-size:15px}.elementor-widget-heading .elementor-heading-title.elementor-size-medium{font-size:19px}.elementor-widget-heading .elementor-heading-title.elementor-size-large{font-size:29px}.elementor-widget-heading .elementor-heading-title.elementor-size-xl{font-size:39px}.elementor-widget-heading .elementor-heading-title.elementor-size-xxl{font-size:59px}<\/style><h2 class=\"elementor-heading-title elementor-size-default\">OBJETIVOS<\/h2>\t\t<\/div>\n\t\t\t\t<\/div>\n\t\t\t\t<div class=\"elementor-element elementor-element-7ffcfd6e elementor-widget elementor-widget-spacer\" data-id=\"7ffcfd6e\" data-element_type=\"widget\" data-widget_type=\"spacer.default\">\n\t\t\t\t<div class=\"elementor-widget-container\">\n\t\t\t\t\t<div class=\"elementor-spacer\">\n\t\t\t<div class=\"elementor-spacer-inner\"><\/div>\n\t\t<\/div>\n\t\t\t\t<\/div>\n\t\t\t\t<\/div>\n\t\t\t\t\t<\/div>\n\t\t<\/div>\n\t\t\t\t\t\t\t<\/div>\n\t\t<\/section>\n\t\t\t\t<section class=\"elementor-section elementor-top-section elementor-element elementor-element-73bedc7 elementor-section-full_width elementor-section-height-default elementor-section-height-default\" data-id=\"73bedc7\" data-element_type=\"section\">\n\t\t\t\t\t\t<div class=\"elementor-container elementor-column-gap-extended\">\n\t\t\t\t\t<div class=\"elementor-column elementor-col-100 elementor-top-column elementor-element elementor-element-ecc9ed9\" data-id=\"ecc9ed9\" data-element_type=\"column\">\n\t\t\t<div class=\"elementor-widget-wrap elementor-element-populated\">\n\t\t\t\t\t\t\t\t<div class=\"elementor-element elementor-element-a91a6cd elementor-widget elementor-widget-heading\" data-id=\"a91a6cd\" data-element_type=\"widget\" data-widget_type=\"heading.default\">\n\t\t\t\t<div class=\"elementor-widget-container\">\n\t\t\t<h2 class=\"elementor-heading-title elementor-size-default\">ESTE CONGRESO TIENE EL PROP\u00d3SITO DE BRINDAR UN MARCO DE RECIPROCIDAD DE CONOCIMIENTOS Y EXPERIENCIAS ENTRE PROFESIONALES DEL \u00c1MBITO EDUCATIVO, LA INNOVACI\u00d3N Y EL EMPRENDIMIENTO.<\/h2>\t\t<\/div>\n\t\t\t\t<\/div>\n\t\t\t\t\t<\/div>\n\t\t<\/div>\n\t\t\t\t\t\t\t<\/div>\n\t\t<\/section>\n\t\t\t\t<section class=\"elementor-section elementor-top-section elementor-element elementor-element-2d1291ee elementor-section-full_width elementor-section-content-middle elementor-section-height-default elementor-section-height-default\" data-id=\"2d1291ee\" data-element_type=\"section\" data-settings=\"{&quot;background_background&quot;:&quot;gradient&quot;}\">\n\t\t\t\t\t\t<div class=\"elementor-container elementor-column-gap-no\">\n\t\t\t\t\t<div class=\"elementor-column elementor-col-50 elementor-top-column elementor-element elementor-element-50d0e016\" data-id=\"50d0e016\" data-element_type=\"column\" data-settings=\"{&quot;background_background&quot;:&quot;classic&quot;}\">\n\t\t\t<div class=\"elementor-widget-wrap\">\n\t\t\t\t\t<div class=\"elementor-background-overlay\"><\/div>\n\t\t\t\t\t\t\t\t\t<\/div>\n\t\t<\/div>\n\t\t\t\t<div class=\"elementor-column elementor-col-50 elementor-top-column elementor-element elementor-element-552e6303\" data-id=\"552e6303\" data-element_type=\"column\">\n\t\t\t<div class=\"elementor-widget-wrap elementor-element-populated\">\n\t\t\t\t\t\t\t\t<div class=\"elementor-element elementor-element-6feece9 elementor-widget elementor-widget-heading\" data-id=\"6feece9\" data-element_type=\"widget\" data-widget_type=\"heading.default\">\n\t\t\t\t<div class=\"elementor-widget-container\">\n\t\t\t<h2 class=\"elementor-heading-title elementor-size-default\">\u2022 Ser un espacio para el di\u00e1logo y encuentros que estimulen la cultura de investigaci\u00f3n, innovaci\u00f3n y emprendimiento a trav\u00e9s del intercambio de experiencias e investigaciones, con el fin de establecer y fortalecer Redes de Conocimientos que faciliten las transferencias de saberes.<br><br>\n\u2022 Ofrecer la oportunidad a los participantes de ampliar sus redes de contactos, networking, con otros actores que tienen intereses comunes, para promover el desarrollo de acciones conjuntas, en lo que respecta al estudio y mejoramiento de las condiciones de investigaci\u00f3n, innovaci\u00f3n y emprendimiento.<br><br>\n\u2022 Concienciar a la comunidad en general, y en especial a los que forman parten del Ecosistema de Investigaci\u00f3n, Innovaci\u00f3n y Emprendimiento de cada pa\u00eds, sobre la importancia que tiene el promover y desarrollar una cultura de intercambiode saberes s\u00f3lida, eficiente y de car\u00e1cter cient\u00edfico, basada en un verdadero cambio de mentalidad para transcender, y propender a un intercambio m\u00e1s multilateral y colaborativo.<br><br>\n\u2022 Difundir las investigaciones relacionadas con la creatividad y el emprendimiento generadas en las distintas \u00e1reas del saber en el \u00e1mbito nacional e internacional.<br><br>\n\u2022 La finalidad es proporcionar a los asistentes del Congreso la posibilidad de exponer ante la comunidad cient\u00edfica sus l\u00edneas de trabajo, investigaci\u00f3n o simplemente experiencias vividas en cualquiera de las \u00e1reas del evento.<br><br>\n\u2022 En este mundo actual, caracterizado por los cambios vertiginosos en la tecnolog\u00eda, la generaci\u00f3n constante de informaci\u00f3n que se distribuye en Internet a trav\u00e9s de textos y videos, la utilizaci\u00f3n de las redes sociales, as\u00ed como laglobalizaci\u00f3n que acerca a culturas muy diversas en el mundo, generan cambios significativos en la educaci\u00f3n, investigaci\u00f3n y el emprendimiento.\n<\/h2>\t\t<\/div>\n\t\t\t\t<\/div>\n\t\t\t\t\t<\/div>\n\t\t<\/div>\n\t\t\t\t\t\t\t<\/div>\n\t\t<\/section>\n\t\t\t\t<section class=\"elementor-section elementor-top-section elementor-element elementor-element-7c1bf0b elementor-section-boxed elementor-section-height-default elementor-section-height-default\" data-id=\"7c1bf0b\" data-element_type=\"section\">\n\t\t\t\t\t\t<div class=\"elementor-container elementor-column-gap-default\">\n\t\t\t\t\t<div class=\"elementor-column elementor-col-100 elementor-top-column elementor-element elementor-element-85d7c68\" data-id=\"85d7c68\" data-element_type=\"column\">\n\t\t\t<div class=\"elementor-widget-wrap\">\n\t\t\t\t\t\t\t\t\t<\/div>\n\t\t<\/div>\n\t\t\t\t\t\t\t<\/div>\n\t\t<\/section>\n\t\t\t\t\t\t\t<\/div>\n\t\t","protected":false},"excerpt":{"rendered":"<p>Objetivos Este congreso tiene el prop\u00f3sito de brindar un marco de reciprocidad de conocimientos y experiencias entre profesionales del \u00e1mbito educativo, la innovaci\u00f3n y el emprendimiento de distintos lugares del mundo de habla hispana. Por lo que, se estipulan los siguientes: Ser un espacio para el di\u00e1logo y encuentros que estimulen la cultura de investigaci\u00f3n, [&hellip;]<\/p>\n","protected":false},"author":1,"featured_media":0,"parent":0,"menu_order":0,"comment_status":"closed","ping_status":"closed","template":"page-templates\/full-width-page.php","meta":{"footnotes":""},"class_list":["post-239","page","type-page","status-publish","hentry"],"_links":{"self":[{"href":"https:\/\/www.congreso2023.unibe.edu.ec\/index.php?rest_route=\/wp\/v2\/pages\/239","targetHints":{"allow":["GET"]}}],"collection":[{"href":"https:\/\/www.congreso2023.unibe.edu.ec\/index.php?rest_route=\/wp\/v2\/pages"}],"about":[{"href":"https:\/\/www.congreso2023.unibe.edu.ec\/index.php?rest_route=\/wp\/v2\/types\/page"}],"author":[{"embeddable":true,"href":"https:\/\/www.congreso2023.unibe.edu.ec\/index.php?rest_route=\/wp\/v2\/users\/1"}],"replies":[{"embeddable":true,"href":"https:\/\/www.congreso2023.unibe.edu.ec\/index.php?rest_route=%2Fwp%2Fv2%2Fcomments&post=239"}],"version-history":[{"count":20,"href":"https:\/\/www.congreso2023.unibe.edu.ec\/index.php?rest_route=\/wp\/v2\/pages\/239\/revisions"}],"predecessor-version":[{"id":1628,"href":"https:\/\/www.congreso2023.unibe.edu.ec\/index.php?rest_route=\/wp\/v2\/pages\/239\/revisions\/1628"}],"wp:attachment":[{"href":"https:\/\/www.congreso2023.unibe.edu.ec\/index.php?rest_route=%2Fwp%2Fv2%2Fmedia&parent=239"}],"curies":[{"name":"wp","href":"https:\/\/api.w.org\/{rel}","templated":true}]}}