{"id":265,"date":"2023-03-16T20:08:28","date_gmt":"2023-03-16T20:08:28","guid":{"rendered":"https:\/\/congreso.unibe.edu.ec\/?page_id=265"},"modified":"2023-06-20T15:19:21","modified_gmt":"2023-06-20T15:19:21","slug":"normas","status":"publish","type":"page","link":"https:\/\/www.congreso2023.unibe.edu.ec\/?page_id=265","title":{"rendered":"Normas"},"content":{"rendered":"\t\t<div data-elementor-type=\"wp-page\" data-elementor-id=\"265\" class=\"elementor elementor-265\">\n\t\t\t\t\t\t\t\t\t<section class=\"elementor-section elementor-top-section elementor-element elementor-element-2cfca755 elementor-section-boxed elementor-section-height-default elementor-section-height-default\" data-id=\"2cfca755\" data-element_type=\"section\" data-settings=\"{&quot;background_background&quot;:&quot;classic&quot;,&quot;background_motion_fx_motion_fx_scrolling&quot;:&quot;yes&quot;,&quot;background_motion_fx_scale_effect&quot;:&quot;yes&quot;,&quot;background_motion_fx_scale_speed&quot;:{&quot;unit&quot;:&quot;px&quot;,&quot;size&quot;:5,&quot;sizes&quot;:[]},&quot;background_motion_fx_scale_range&quot;:{&quot;unit&quot;:&quot;%&quot;,&quot;size&quot;:&quot;&quot;,&quot;sizes&quot;:{&quot;start&quot;:21,&quot;end&quot;:100}},&quot;background_motion_fx_motion_fx_mouse&quot;:&quot;yes&quot;,&quot;background_motion_fx_mouseTrack_effect&quot;:&quot;yes&quot;,&quot;background_motion_fx_mouseTrack_speed&quot;:{&quot;unit&quot;:&quot;px&quot;,&quot;size&quot;:0.4,&quot;sizes&quot;:[]},&quot;background_motion_fx_scale_direction&quot;:&quot;out-in&quot;,&quot;background_motion_fx_devices&quot;:[&quot;desktop&quot;,&quot;tablet&quot;,&quot;mobile&quot;]}\">\n\t\t\t\t\t\t<div class=\"elementor-container elementor-column-gap-default\">\n\t\t\t\t\t<div class=\"elementor-column elementor-col-100 elementor-top-column elementor-element elementor-element-21e9e663\" data-id=\"21e9e663\" data-element_type=\"column\">\n\t\t\t<div class=\"elementor-widget-wrap elementor-element-populated\">\n\t\t\t\t\t\t\t\t<div class=\"elementor-element elementor-element-2b0f5787 elementor-widget elementor-widget-spacer\" data-id=\"2b0f5787\" data-element_type=\"widget\" data-widget_type=\"spacer.default\">\n\t\t\t\t<div class=\"elementor-widget-container\">\n\t\t\t<style>\/*! elementor - v3.13.3 - 28-05-2023 *\/\n.elementor-column .elementor-spacer-inner{height:var(--spacer-size)}.e-con{--container-widget-width:100%}.e-con-inner>.elementor-widget-spacer,.e-con>.elementor-widget-spacer{width:var(--container-widget-width,var(--spacer-size));--align-self:var(--container-widget-align-self,initial);--flex-shrink:0}.e-con-inner>.elementor-widget-spacer>.elementor-widget-container,.e-con-inner>.elementor-widget-spacer>.elementor-widget-container>.elementor-spacer,.e-con>.elementor-widget-spacer>.elementor-widget-container,.e-con>.elementor-widget-spacer>.elementor-widget-container>.elementor-spacer{height:100%}.e-con-inner>.elementor-widget-spacer>.elementor-widget-container>.elementor-spacer>.elementor-spacer-inner,.e-con>.elementor-widget-spacer>.elementor-widget-container>.elementor-spacer>.elementor-spacer-inner{height:var(--container-widget-height,var(--spacer-size))}<\/style>\t\t<div class=\"elementor-spacer\">\n\t\t\t<div class=\"elementor-spacer-inner\"><\/div>\n\t\t<\/div>\n\t\t\t\t<\/div>\n\t\t\t\t<\/div>\n\t\t\t\t<div class=\"elementor-element elementor-element-1c60769 elementor-widget elementor-widget-heading\" data-id=\"1c60769\" data-element_type=\"widget\" data-widget_type=\"heading.default\">\n\t\t\t\t<div class=\"elementor-widget-container\">\n\t\t\t<style>\/*! elementor - v3.13.3 - 28-05-2023 *\/\n.elementor-heading-title{padding:0;margin:0;line-height:1}.elementor-widget-heading .elementor-heading-title[class*=elementor-size-]>a{color:inherit;font-size:inherit;line-height:inherit}.elementor-widget-heading .elementor-heading-title.elementor-size-small{font-size:15px}.elementor-widget-heading .elementor-heading-title.elementor-size-medium{font-size:19px}.elementor-widget-heading .elementor-heading-title.elementor-size-large{font-size:29px}.elementor-widget-heading .elementor-heading-title.elementor-size-xl{font-size:39px}.elementor-widget-heading .elementor-heading-title.elementor-size-xxl{font-size:59px}<\/style><h2 class=\"elementor-heading-title elementor-size-default\">NORMAS<\/h2>\t\t<\/div>\n\t\t\t\t<\/div>\n\t\t\t\t<div class=\"elementor-element elementor-element-35689920 elementor-widget elementor-widget-spacer\" data-id=\"35689920\" data-element_type=\"widget\" data-widget_type=\"spacer.default\">\n\t\t\t\t<div class=\"elementor-widget-container\">\n\t\t\t\t\t<div class=\"elementor-spacer\">\n\t\t\t<div class=\"elementor-spacer-inner\"><\/div>\n\t\t<\/div>\n\t\t\t\t<\/div>\n\t\t\t\t<\/div>\n\t\t\t\t\t<\/div>\n\t\t<\/div>\n\t\t\t\t\t\t\t<\/div>\n\t\t<\/section>\n\t\t\t\t<section class=\"elementor-section elementor-top-section elementor-element elementor-element-6c04670e elementor-section-boxed elementor-section-height-default elementor-section-height-default\" data-id=\"6c04670e\" data-element_type=\"section\">\n\t\t\t\t\t\t<div class=\"elementor-container elementor-column-gap-default\">\n\t\t\t\t\t<div class=\"elementor-column elementor-col-100 elementor-top-column elementor-element elementor-element-6b4de9c0\" data-id=\"6b4de9c0\" data-element_type=\"column\">\n\t\t\t<div class=\"elementor-widget-wrap elementor-element-populated\">\n\t\t\t\t\t\t\t\t<div class=\"elementor-element elementor-element-4ffc51f9 elementor-widget elementor-widget-text-editor\" data-id=\"4ffc51f9\" data-element_type=\"widget\" data-widget_type=\"text-editor.default\">\n\t\t\t\t<div class=\"elementor-widget-container\">\n\t\t\t<style>\/*! elementor - v3.13.3 - 28-05-2023 *\/\n.elementor-widget-text-editor.elementor-drop-cap-view-stacked .elementor-drop-cap{background-color:#69727d;color:#fff}.elementor-widget-text-editor.elementor-drop-cap-view-framed .elementor-drop-cap{color:#69727d;border:3px solid;background-color:transparent}.elementor-widget-text-editor:not(.elementor-drop-cap-view-default) .elementor-drop-cap{margin-top:8px}.elementor-widget-text-editor:not(.elementor-drop-cap-view-default) .elementor-drop-cap-letter{width:1em;height:1em}.elementor-widget-text-editor .elementor-drop-cap{float:left;text-align:center;line-height:1;font-size:50px}.elementor-widget-text-editor .elementor-drop-cap-letter{display:inline-block}<\/style>\t\t\t\t<div data-colibri-id=\"265-c1\" class=\"style-282 style-local-265-c1 position-relative\">\n  <!----><p><\/p>\n<div data-colibri-component=\"section\" data-colibri-id=\"265-c2\" id=\"custom\" class=\"h-section h-section-global-spacing d-flex align-items-lg-center align-items-md-center align-items-center style-283 style-local-265-c2 position-relative\"><!----><!----><div class=\"h-section-grid-container h-section-boxed-container\"><div data-colibri-id=\"265-c6\" class=\"h-row-container gutters-row-lg-2 gutters-row-md-2 gutters-row-0 gutters-row-v-lg-2 gutters-row-v-md-2 gutters-row-v-2 style-284 style-local-265-c6 position-relative\"><div class=\"h-row justify-content-lg-center justify-content-md-center justify-content-center align-items-lg-stretch align-items-md-stretch align-items-stretch gutters-col-lg-2 gutters-col-md-2 gutters-col-0 gutters-col-v-lg-2 gutters-col-v-md-2 gutters-col-v-2\"><div class=\"h-column h-column-container d-flex h-col-lg-auto h-col-md-auto h-col-auto style-285-outer style-local-265-c7-outer\"><div data-colibri-id=\"265-c7\" class=\"d-flex h-flex-basis h-column__inner h-px-lg-2 h-px-md-2 h-px-2 v-inner-lg-2 v-inner-md-2 v-inner-2 style-285 style-local-265-c7 position-relative\"><div class=\"w-100 h-y-container h-column__content h-column__v-align flex-basis-100 align-self-lg-start align-self-md-start align-self-start\"><div data-colibri-id=\"265-c8\" class=\"h-text h-text-component style-287 style-local-265-c8 position-relative h-element\"><p><\/p>\n<div class=\"\">\n<p>Las ponencias ser\u00e1n evaluadas mediante un panel de expertos modalidad doble ciego, especializados en cada una de las disciplinas cubiertas en el congreso, encargados de realizar la revisi\u00f3n t\u00e9cnica de los trabajos y de emitir una calificaci\u00f3n<br>\n                      de aceptado o rechazado. <\/p>\n<p>La ponencia se presentar\u00e1 en correspondencia con las tem\u00e1ticas formuladas teniendo en cuenta las siguientes especificaciones: (Revista Qualitas)<\/p>\n<p>El manuscrito debe contener entre 2000 a 6000 palabras (desarrolladas en un m\u00ednimo de 5 y un m\u00e1ximo de 15 p\u00e1ginas A5) de extensi\u00f3n, incluir los siguientes elementos de manera obligatoria en cada manuscrito:<\/p>\n<p>\n                      <br>                    <\/p>\n<p>P\u00e1gina 1: T\u00edtulo<\/p>\n<p>P\u00e1gina 1: Resumen (en idioma espa\u00f1ol)<\/p>\n<p>P\u00e1gina 1: Palabras clave (en espa\u00f1ol).<\/p>\n<p>P\u00e1gina 2: \u201cAbstract\u201d (Versi\u00f3n en ingl\u00e9s del Resumen).<\/p>\n<p>P\u00e1gina 2: Key Words (en ingl\u00e9s).<\/p>\n<p>\n                      <br>                    <\/p>\n<p>Las p\u00e1ginas subsecuentes del manuscrito deber\u00e1n pertenecer a las siguientes secciones:<\/p>\n<p>1. Introducci\u00f3n<\/p>\n<p>2. Metodolog\u00eda (incluyendo el \u00c1rea geogr\u00e1fica de trabajo cuando aplicare)<\/p>\n<p>3. Resultados y Discusi\u00f3n<\/p>\n<p>4. Conclusiones y Recomendaciones<\/p>\n<p>5. Referencias Bibliogr\u00e1ficas<\/p>\n<p>\n                      <br>                    <\/p>\n<\/div>\n<\/div>\n<\/div>\n<\/div>\n<\/div>\n<div class=\"h-column h-column-container d-flex h-col-lg-auto h-col-md-auto h-col-auto style-286-outer style-local-265-c9-outer\">\n<div data-colibri-id=\"265-c9\" class=\"d-flex h-flex-basis h-column__inner h-px-lg-2 h-px-md-2 h-px-2 v-inner-lg-2 v-inner-md-2 v-inner-2 style-286 style-local-265-c9 position-relative\">\n              <!----><br>\n              <!----><p><\/p>\n<div class=\"w-100 h-y-container h-column__content h-column__v-align flex-basis-100 align-self-lg-start align-self-md-start align-self-start\">\n                <!----><p><\/p>\n<div data-colibri-id=\"265-c10\" class=\"h-global-transition-all h-heading style-288 style-local-265-c10 position-relative h-element\">\n                  <!----><p><\/p>\n<div class=\"h-heading__outer style-288 style-local-265-c10\">\n                    <!----><br>\n                    <!----><p><\/p>\n<h4 class=\"\">Plantillas de presentaci\u00f3n de trabajos<\/h4>\n<\/div>\n<\/div>\n<div data-colibri-id=\"265-c11\" class=\"h-x-container style-293 style-local-265-c11 position-relative h-element\">\n                  <!----><p><\/p>\n<div class=\"h-x-container-inner style-dynamic-265-c11-group style-293-spacing style-local-265-c11-spacing\"><span class=\"h-button__outer style-294-outer style-local-265-c12-outer d-inline-flex h-element\"><a h-use-smooth-scroll=\"true\" href=\"https:\/\/www.congreso2023.unibe.edu.ec\/wp-content\/uploads\/2023\/04\/R_Plantilla-de-Resumen-III-Congreso-UNIB.E-2023.docx\" data-colibri-id=\"265-c12\" class=\"d-flex w-100 align-items-center h-button justify-content-lg-center justify-content-md-center justify-content-center style-294 style-local-265-c12 position-relative\"><!----><!----> <span>Plantilla de Resumen Congreso<\/span><\/a><br>\n                    <\/span>\n                  <\/div>\n<\/div>\n<div data-colibri-id=\"265-c13\" class=\"h-x-container style-289 style-local-265-c13 position-relative h-element\">\n                  <!----><p><\/p>\n<div class=\"h-x-container-inner style-dynamic-265-c13-group style-289-spacing style-local-265-c13-spacing\"><span class=\"h-button__outer style-290-outer style-local-265-c14-outer d-inline-flex h-element\"><a h-use-smooth-scroll=\"true\" href=\"https:\/\/www.congreso2023.unibe.edu.ec\/wp-content\/uploads\/2023\/04\/Plantilla-Revista-Qualitas-Congreso-2023.docx\" data-colibri-id=\"265-c14\" class=\"d-flex w-100 align-items-center h-button justify-content-lg-center justify-content-md-center justify-content-center style-290 style-local-265-c14 position-relative\"><!----><!----> <span>Plantilla Revista Qualitas<\/span><\/a><br>\n                    <\/span>\n                  <\/div>\n<\/div>\n<\/div>\n<\/div>\n<\/div>\n<\/div>\n<\/div>\n<\/div>\n<\/div>\n<\/div>\t\t\t\t\t\t<\/div>\n\t\t\t\t<\/div>\n\t\t\t\t\t<\/div>\n\t\t<\/div>\n\t\t\t\t\t\t\t<\/div>\n\t\t<\/section>\n\t\t\t\t\t\t\t<\/div>\n\t\t","protected":false},"excerpt":{"rendered":"<p>NORMAS Las ponencias ser\u00e1n evaluadas mediante un panel de expertos modalidad doble ciego, especializados en cada una de las disciplinas cubiertas en el congreso, encargados de realizar la revisi\u00f3n t\u00e9cnica de los trabajos y de emitir una calificaci\u00f3n de aceptado o rechazado. La ponencia se presentar\u00e1 en correspondencia con las tem\u00e1ticas formuladas teniendo en cuenta [&hellip;]<\/p>\n","protected":false},"author":1,"featured_media":0,"parent":0,"menu_order":0,"comment_status":"closed","ping_status":"closed","template":"page-templates\/full-width-page.php","meta":{"footnotes":""},"class_list":["post-265","page","type-page","status-publish","hentry"],"_links":{"self":[{"href":"https:\/\/www.congreso2023.unibe.edu.ec\/index.php?rest_route=\/wp\/v2\/pages\/265","targetHints":{"allow":["GET"]}}],"collection":[{"href":"https:\/\/www.congreso2023.unibe.edu.ec\/index.php?rest_route=\/wp\/v2\/pages"}],"about":[{"href":"https:\/\/www.congreso2023.unibe.edu.ec\/index.php?rest_route=\/wp\/v2\/types\/page"}],"author":[{"embeddable":true,"href":"https:\/\/www.congreso2023.unibe.edu.ec\/index.php?rest_route=\/wp\/v2\/users\/1"}],"replies":[{"embeddable":true,"href":"https:\/\/www.congreso2023.unibe.edu.ec\/index.php?rest_route=%2Fwp%2Fv2%2Fcomments&post=265"}],"version-history":[{"count":16,"href":"https:\/\/www.congreso2023.unibe.edu.ec\/index.php?rest_route=\/wp\/v2\/pages\/265\/revisions"}],"predecessor-version":[{"id":1842,"href":"https:\/\/www.congreso2023.unibe.edu.ec\/index.php?rest_route=\/wp\/v2\/pages\/265\/revisions\/1842"}],"wp:attachment":[{"href":"https:\/\/www.congreso2023.unibe.edu.ec\/index.php?rest_route=%2Fwp%2Fv2%2Fmedia&parent=265"}],"curies":[{"name":"wp","href":"https:\/\/api.w.org\/{rel}","templated":true}]}}