{"id":289,"date":"2023-03-16T20:20:28","date_gmt":"2023-03-16T20:20:28","guid":{"rendered":"https:\/\/congreso.unibe.edu.ec\/?page_id=289"},"modified":"2023-06-20T15:12:51","modified_gmt":"2023-06-20T15:12:51","slug":"inscripciones","status":"publish","type":"page","link":"https:\/\/www.congreso2023.unibe.edu.ec\/?page_id=289","title":{"rendered":"Inscripciones"},"content":{"rendered":"\t\t<div data-elementor-type=\"wp-page\" data-elementor-id=\"289\" class=\"elementor elementor-289\">\n\t\t\t\t\t\t\t\t\t<section class=\"elementor-section elementor-top-section elementor-element elementor-element-39a219a0 elementor-section-boxed elementor-section-height-default elementor-section-height-default\" data-id=\"39a219a0\" data-element_type=\"section\" data-settings=\"{&quot;background_background&quot;:&quot;classic&quot;,&quot;background_motion_fx_motion_fx_scrolling&quot;:&quot;yes&quot;,&quot;background_motion_fx_scale_effect&quot;:&quot;yes&quot;,&quot;background_motion_fx_scale_speed&quot;:{&quot;unit&quot;:&quot;px&quot;,&quot;size&quot;:5,&quot;sizes&quot;:[]},&quot;background_motion_fx_scale_range&quot;:{&quot;unit&quot;:&quot;%&quot;,&quot;size&quot;:&quot;&quot;,&quot;sizes&quot;:{&quot;start&quot;:21,&quot;end&quot;:100}},&quot;background_motion_fx_motion_fx_mouse&quot;:&quot;yes&quot;,&quot;background_motion_fx_mouseTrack_effect&quot;:&quot;yes&quot;,&quot;background_motion_fx_mouseTrack_speed&quot;:{&quot;unit&quot;:&quot;px&quot;,&quot;size&quot;:0.4,&quot;sizes&quot;:[]},&quot;background_motion_fx_scale_direction&quot;:&quot;out-in&quot;,&quot;background_motion_fx_devices&quot;:[&quot;desktop&quot;,&quot;tablet&quot;,&quot;mobile&quot;]}\">\n\t\t\t\t\t\t<div class=\"elementor-container elementor-column-gap-default\">\n\t\t\t\t\t<div class=\"elementor-column elementor-col-100 elementor-top-column elementor-element elementor-element-413eccc0\" data-id=\"413eccc0\" data-element_type=\"column\">\n\t\t\t<div class=\"elementor-widget-wrap elementor-element-populated\">\n\t\t\t\t\t\t\t\t<div class=\"elementor-element elementor-element-88c8d4d elementor-widget elementor-widget-spacer\" data-id=\"88c8d4d\" data-element_type=\"widget\" data-widget_type=\"spacer.default\">\n\t\t\t\t<div class=\"elementor-widget-container\">\n\t\t\t<style>\/*! elementor - v3.13.3 - 28-05-2023 *\/\n.elementor-column .elementor-spacer-inner{height:var(--spacer-size)}.e-con{--container-widget-width:100%}.e-con-inner>.elementor-widget-spacer,.e-con>.elementor-widget-spacer{width:var(--container-widget-width,var(--spacer-size));--align-self:var(--container-widget-align-self,initial);--flex-shrink:0}.e-con-inner>.elementor-widget-spacer>.elementor-widget-container,.e-con-inner>.elementor-widget-spacer>.elementor-widget-container>.elementor-spacer,.e-con>.elementor-widget-spacer>.elementor-widget-container,.e-con>.elementor-widget-spacer>.elementor-widget-container>.elementor-spacer{height:100%}.e-con-inner>.elementor-widget-spacer>.elementor-widget-container>.elementor-spacer>.elementor-spacer-inner,.e-con>.elementor-widget-spacer>.elementor-widget-container>.elementor-spacer>.elementor-spacer-inner{height:var(--container-widget-height,var(--spacer-size))}<\/style>\t\t<div class=\"elementor-spacer\">\n\t\t\t<div class=\"elementor-spacer-inner\"><\/div>\n\t\t<\/div>\n\t\t\t\t<\/div>\n\t\t\t\t<\/div>\n\t\t\t\t<div class=\"elementor-element elementor-element-7f96b6ce elementor-widget elementor-widget-heading\" data-id=\"7f96b6ce\" data-element_type=\"widget\" data-widget_type=\"heading.default\">\n\t\t\t\t<div class=\"elementor-widget-container\">\n\t\t\t<style>\/*! elementor - v3.13.3 - 28-05-2023 *\/\n.elementor-heading-title{padding:0;margin:0;line-height:1}.elementor-widget-heading .elementor-heading-title[class*=elementor-size-]>a{color:inherit;font-size:inherit;line-height:inherit}.elementor-widget-heading .elementor-heading-title.elementor-size-small{font-size:15px}.elementor-widget-heading .elementor-heading-title.elementor-size-medium{font-size:19px}.elementor-widget-heading .elementor-heading-title.elementor-size-large{font-size:29px}.elementor-widget-heading .elementor-heading-title.elementor-size-xl{font-size:39px}.elementor-widget-heading .elementor-heading-title.elementor-size-xxl{font-size:59px}<\/style><h2 class=\"elementor-heading-title elementor-size-default\">INSCRIPCIONES<\/h2>\t\t<\/div>\n\t\t\t\t<\/div>\n\t\t\t\t<div class=\"elementor-element elementor-element-3cdfa4ba elementor-widget elementor-widget-spacer\" data-id=\"3cdfa4ba\" data-element_type=\"widget\" data-widget_type=\"spacer.default\">\n\t\t\t\t<div class=\"elementor-widget-container\">\n\t\t\t\t\t<div class=\"elementor-spacer\">\n\t\t\t<div class=\"elementor-spacer-inner\"><\/div>\n\t\t<\/div>\n\t\t\t\t<\/div>\n\t\t\t\t<\/div>\n\t\t\t\t\t<\/div>\n\t\t<\/div>\n\t\t\t\t\t\t\t<\/div>\n\t\t<\/section>\n\t\t\t\t<section class=\"elementor-section elementor-top-section elementor-element elementor-element-5a92d565 elementor-section-boxed elementor-section-height-default elementor-section-height-default\" data-id=\"5a92d565\" data-element_type=\"section\">\n\t\t\t\t\t\t<div class=\"elementor-container elementor-column-gap-default\">\n\t\t\t\t\t<div class=\"elementor-column elementor-col-100 elementor-top-column elementor-element elementor-element-118035f1\" data-id=\"118035f1\" data-element_type=\"column\">\n\t\t\t<div class=\"elementor-widget-wrap elementor-element-populated\">\n\t\t\t\t\t\t\t\t<div class=\"elementor-element elementor-element-20c3de23 elementor-widget elementor-widget-text-editor\" data-id=\"20c3de23\" data-element_type=\"widget\" data-widget_type=\"text-editor.default\">\n\t\t\t\t<div class=\"elementor-widget-container\">\n\t\t\t<style>\/*! elementor - v3.13.3 - 28-05-2023 *\/\n.elementor-widget-text-editor.elementor-drop-cap-view-stacked .elementor-drop-cap{background-color:#69727d;color:#fff}.elementor-widget-text-editor.elementor-drop-cap-view-framed .elementor-drop-cap{color:#69727d;border:3px solid;background-color:transparent}.elementor-widget-text-editor:not(.elementor-drop-cap-view-default) .elementor-drop-cap{margin-top:8px}.elementor-widget-text-editor:not(.elementor-drop-cap-view-default) .elementor-drop-cap-letter{width:1em;height:1em}.elementor-widget-text-editor .elementor-drop-cap{float:left;text-align:center;line-height:1;font-size:50px}.elementor-widget-text-editor .elementor-drop-cap-letter{display:inline-block}<\/style>\t\t\t\t<div data-colibri-id=\"289-c1\" class=\"style-295 style-local-289-c1 position-relative\">\n  <!----><p><\/p>\n<div data-colibri-component=\"section\" data-colibri-id=\"289-c2\" id=\"custom\" class=\"h-section h-section-global-spacing d-flex align-items-lg-center align-items-md-center align-items-center style-296 style-local-289-c2 position-relative\"><!----><!----><div class=\"h-section-grid-container h-section-boxed-container\"><div data-colibri-id=\"289-c8\" class=\"h-row-container gutters-row-lg-2 gutters-row-md-2 gutters-row-0 gutters-row-v-lg-2 gutters-row-v-md-2 gutters-row-v-2 style-300 style-local-289-c8 position-relative\"><div class=\"h-row justify-content-lg-center justify-content-md-center justify-content-center align-items-lg-stretch align-items-md-stretch align-items-stretch gutters-col-lg-2 gutters-col-md-2 gutters-col-0 gutters-col-v-lg-2 gutters-col-v-md-2 gutters-col-v-2\"><div class=\"h-column h-column-container d-flex h-col-lg-auto h-col-md-auto h-col-auto style-301-outer style-local-289-c9-outer\"><div data-colibri-id=\"289-c9\" class=\"d-flex h-flex-basis h-column__inner h-px-lg-2 h-px-md-2 h-px-2 v-inner-lg-2 v-inner-md-2 v-inner-2 style-301 style-local-289-c9 position-relative\"><p><\/p>\n<div class=\"w-100 h-y-container h-column__content h-column__v-align flex-basis-100 align-self-lg-start align-self-md-start align-self-start\">\n                <!----><p><br>                  <\/p><div data-colibri-id=\"289-c10\" class=\"h-text h-text-component style-302 style-local-289-c10 position-relative h-element\"><p><\/p>\n<div class=\"\">\n<p>Dirigido a:<\/p>\n<ul>\n<li>Investigadores, docentes y estudiantes universitarios.<\/li>\n<\/ul>\n<p>Para Ponentes:<\/p>\n<ul>\n<li>Cada persona identificada como autor en la ponencia cancelar\u00e1 una tasa de 20 USD por concepto de presentaci\u00f3n, certificaci\u00f3n, publicaci\u00f3n y divulgaci\u00f3n de su trabajo. Los pagos se har\u00e1n de forma individual o colectiva, luego de que<br>                        reciba la aprobaci\u00f3n del resumen de su investigaci\u00f3n.<\/li>\n<li>Evento totalmente ONLINE<\/li>\n<li>Se generar\u00e1n memorias de res\u00famenes con ISBN<\/li>\n<li>Se entregar\u00e1n certificados electr\u00f3nicos de participaci\u00f3n<\/li>\n<li>Se cotar\u00e1 con la opci\u00f3n de publicaci\u00f3n de las versiones extendidas en formato art\u00edculo en la revista QUALITAS, solo aquellos art\u00edculos que cumplan con el procedimiento de editorial OJS.<\/li>\n<\/ul>\n<p>Para Asistentes:<\/p>\n<ul>\n<li>Los Asistentes son los espectadores del congreso, los mismos tienen libre acceso para interactuar en todas las actividades planificadas en el evento: ponencias, simposios y conferencias en vivo.&nbsp;<\/li>\n<li>Los participantes de este congreso cancelar\u00e1n un valor de 10 USD, que incluye el certificado.<\/li>\n<li>Cualquier persona podr\u00e1 acceder al Congreso totalmente gratuito (sin certificado).<\/li>\n<\/ul>\n<p>Para la obtenci\u00f3n de certificado deber\u00e1:<\/p>\n<p>Registrarse al evento como Asistente con Certificado y realiza un pago de 10 d\u00f3lares.&nbsp;<\/p>\n<p>\n                      <br>                    <\/p>\n<\/div>\n<\/div>\n<\/div>\n<\/div>\n<\/div>\n<div class=\"h-column h-column-container d-flex h-col-lg-auto h-col-md-auto h-col-auto style-303-outer style-local-289-c11-outer\">\n<div data-colibri-id=\"289-c11\" class=\"d-flex h-flex-basis h-column__inner h-px-lg-2 h-px-md-2 h-px-2 v-inner-lg-2 v-inner-md-2 v-inner-2 style-303 style-local-289-c11 position-relative\">\n              <!----><br>              <!----><p><\/p>\n<div class=\"w-100 h-y-container h-column__content h-column__v-align flex-basis-100 align-self-lg-start align-self-md-start align-self-start\">\n                <!----><p><\/p>\n<div data-colibri-id=\"289-c12\" class=\"d-block style-879 style-local-289-c12 position-relative h-element\">\n                  <!----><p><\/p>\n<div class=\"h-image__frame-container-outer\">\n                    <a href=\"https:\/\/www.congreso2023.unibe.edu.ec\/?page_id=1063\" h-use-smooth-scroll=\"true\" class=\"image-link\"><p><\/p>\n<div class=\"h-image__frame-container\">\n                        <!----><br>                        <!----><br><p><\/p>\n<div class=\"h-image__frame h-hide-lg h-hide-md h-hide-sm style-879-frameImage style-local-289-c12-frameImage\"><\/div>\n<\/div>\n<\/a><p><a href=\"https:\/\/www.congreso2023.unibe.edu.ec\/?page_id=1063\" h-use-smooth-scroll=\"true\" class=\"image-link\"><\/a><\/p>\n<p><a href=\"https:\/\/www.congreso2023.unibe.edu.ec\/?page_id=1063\" h-use-smooth-scroll=\"true\" class=\"image-link\">                    <\/a>\n                  <\/p>\n<\/div>\n<\/div>\n<\/div>\n<\/div>\n<\/div>\n<\/div>\n<\/div>\n<\/div>\n<\/div>\n<\/div>\t\t\t\t\t\t<\/div>\n\t\t\t\t<\/div>\n\t\t\t\t\t<\/div>\n\t\t<\/div>\n\t\t\t\t\t\t\t<\/div>\n\t\t<\/section>\n\t\t\t\t<section class=\"elementor-section elementor-top-section elementor-element elementor-element-7713a4a elementor-section-boxed elementor-section-height-default elementor-section-height-default elementor-invisible\" data-id=\"7713a4a\" data-element_type=\"section\" data-settings=\"{&quot;animation&quot;:&quot;bounceIn&quot;}\">\n\t\t\t\t\t\t<div class=\"elementor-container elementor-column-gap-default\">\n\t\t\t\t\t<div class=\"elementor-column elementor-col-100 elementor-top-column elementor-element elementor-element-3684f00\" data-id=\"3684f00\" data-element_type=\"column\">\n\t\t\t<div class=\"elementor-widget-wrap elementor-element-populated\">\n\t\t\t\t\t\t\t\t<div class=\"elementor-element elementor-element-9d96b6c elementor-widget elementor-widget-image\" data-id=\"9d96b6c\" data-element_type=\"widget\" data-settings=\"{&quot;motion_fx_motion_fx_mouse&quot;:&quot;yes&quot;,&quot;motion_fx_tilt_effect&quot;:&quot;yes&quot;,&quot;motion_fx_tilt_speed&quot;:{&quot;unit&quot;:&quot;px&quot;,&quot;size&quot;:7.9,&quot;sizes&quot;:[]}}\" data-widget_type=\"image.default\">\n\t\t\t\t<div class=\"elementor-widget-container\">\n\t\t\t<style>\/*! elementor - v3.13.3 - 28-05-2023 *\/\n.elementor-widget-image{text-align:center}.elementor-widget-image a{display:inline-block}.elementor-widget-image a img[src$=\".svg\"]{width:48px}.elementor-widget-image img{vertical-align:middle;display:inline-block}<\/style>\t\t\t\t\t\t\t\t\t\t\t\t\t<a href=\"https:\/\/www.congreso2023.unibe.edu.ec\/?page_id=1063\">\n\t\t\t\t\t\t\t<img loading=\"lazy\" decoding=\"async\" width=\"1024\" height=\"354\" src=\"https:\/\/www.congreso2023.unibe.edu.ec\/wp-content\/uploads\/2023\/06\/Recurso-1-2-1024x354.png\" class=\"attachment-large size-large wp-image-1823\" alt=\"\" srcset=\"https:\/\/www.congreso2023.unibe.edu.ec\/wp-content\/uploads\/2023\/06\/Recurso-1-2-1024x354.png 1024w, https:\/\/www.congreso2023.unibe.edu.ec\/wp-content\/uploads\/2023\/06\/Recurso-1-2-300x104.png 300w, https:\/\/www.congreso2023.unibe.edu.ec\/wp-content\/uploads\/2023\/06\/Recurso-1-2-768x265.png 768w, https:\/\/www.congreso2023.unibe.edu.ec\/wp-content\/uploads\/2023\/06\/Recurso-1-2-1536x530.png 1536w, https:\/\/www.congreso2023.unibe.edu.ec\/wp-content\/uploads\/2023\/06\/Recurso-1-2-2048x707.png 2048w\" sizes=\"auto, (max-width: 1024px) 100vw, 1024px\" \/>\t\t\t\t\t\t\t\t<\/a>\n\t\t\t\t\t\t\t\t\t\t\t\t\t\t\t<\/div>\n\t\t\t\t<\/div>\n\t\t\t\t\t<\/div>\n\t\t<\/div>\n\t\t\t\t\t\t\t<\/div>\n\t\t<\/section>\n\t\t\t\t\t\t\t<\/div>\n\t\t","protected":false},"excerpt":{"rendered":"<p>INSCRIPCIONES Dirigido a: Investigadores, docentes y estudiantes universitarios. Para Ponentes: Cada persona identificada como autor en la ponencia cancelar\u00e1 una tasa de 20 USD por concepto de presentaci\u00f3n, certificaci\u00f3n, publicaci\u00f3n y divulgaci\u00f3n de su trabajo. Los pagos se har\u00e1n de forma individual o colectiva, luego de que reciba la aprobaci\u00f3n del resumen de su investigaci\u00f3n. [&hellip;]<\/p>\n","protected":false},"author":1,"featured_media":0,"parent":0,"menu_order":0,"comment_status":"closed","ping_status":"closed","template":"page-templates\/full-width-page.php","meta":{"footnotes":""},"class_list":["post-289","page","type-page","status-publish","hentry"],"_links":{"self":[{"href":"https:\/\/www.congreso2023.unibe.edu.ec\/index.php?rest_route=\/wp\/v2\/pages\/289","targetHints":{"allow":["GET"]}}],"collection":[{"href":"https:\/\/www.congreso2023.unibe.edu.ec\/index.php?rest_route=\/wp\/v2\/pages"}],"about":[{"href":"https:\/\/www.congreso2023.unibe.edu.ec\/index.php?rest_route=\/wp\/v2\/types\/page"}],"author":[{"embeddable":true,"href":"https:\/\/www.congreso2023.unibe.edu.ec\/index.php?rest_route=\/wp\/v2\/users\/1"}],"replies":[{"embeddable":true,"href":"https:\/\/www.congreso2023.unibe.edu.ec\/index.php?rest_route=%2Fwp%2Fv2%2Fcomments&post=289"}],"version-history":[{"count":20,"href":"https:\/\/www.congreso2023.unibe.edu.ec\/index.php?rest_route=\/wp\/v2\/pages\/289\/revisions"}],"predecessor-version":[{"id":1829,"href":"https:\/\/www.congreso2023.unibe.edu.ec\/index.php?rest_route=\/wp\/v2\/pages\/289\/revisions\/1829"}],"wp:attachment":[{"href":"https:\/\/www.congreso2023.unibe.edu.ec\/index.php?rest_route=%2Fwp%2Fv2%2Fmedia&parent=289"}],"curies":[{"name":"wp","href":"https:\/\/api.w.org\/{rel}","templated":true}]}}